{"id":1194,"date":"2024-12-18T09:08:58","date_gmt":"2024-12-18T08:08:58","guid":{"rendered":"https:\/\/www.acg-automatismes.com\/?page_id=1194"},"modified":"2025-03-18T15:18:05","modified_gmt":"2025-03-18T14:18:05","slug":"contact-us","status":"publish","type":"page","link":"https:\/\/www.acg-automatismes.com\/en\/contact-us\/","title":{"rendered":"Contact Us"},"content":{"rendered":"\n<div class=\"wp-block-group alignfull pgut-pattern__before pgut-pattern__before__top pgut-pattern__left__color-4 has-color-4-background-color has-background has-global-padding is-layout-constrained wp-block-group-is-layout-constrained\">\n<h2 class=\"wp-block-heading has-text-align-center\">Let&#8217;s build your project together<\/h2>\n\n\n\n<p class=\"has-text-align-center\">Contact us to discover how our solutions can meet your industrial needs.<\/p>\n\n\n<div class=\"frm_forms  with_frm_style frm_style_formidable-style\" id=\"frm_form_1_container\" >\n<form enctype=\"multipart\/form-data\" method=\"post\" class=\"frm-show-form  frm_pro_form \" id=\"form_contact-form\" >\n<div class=\"frm_form_fields \">\n<fieldset>\n<legend class=\"frm_screen_reader\">Contact Us<\/legend>\r\n\r\n<div class=\"frm_fields_container\">\n<input type=\"hidden\" name=\"frm_action\" value=\"create\" \/>\n<input type=\"hidden\" name=\"form_id\" value=\"1\" \/>\n<input type=\"hidden\" name=\"frm_hide_fields_1\" id=\"frm_hide_fields_1\" value=\"\" \/>\n<input type=\"hidden\" name=\"form_key\" value=\"contact-form\" \/>\n<input type=\"hidden\" name=\"item_meta[0]\" value=\"\" \/>\n<input type=\"hidden\" id=\"frm_submit_entry_1\" name=\"frm_submit_entry_1\" value=\"0652765ef6\" \/><input type=\"hidden\" name=\"_wp_http_referer\" value=\"\/en\/wp-json\/wp\/v2\/pages\/1194\" \/><div id=\"frm_field_1_container\" class=\"frm_form_field form-field  frm_required_field frm_top_container frm_first frm_half\">\r\n\t<label for=\"field_nom\" id=\"field_nom_label\" class=\"frm_primary_label\">Name\r\n\t\t<span class=\"frm_required\" aria-hidden=\"true\">*<\/span>\r\n\t<\/label>\r\n\t<input  type=\"text\" id=\"field_nom\" name=\"item_meta[1]\" value=\"\"  placeholder=\"Name\" data-reqmsg=\"Name cannot be empty.\" aria-required=\"true\" data-invmsg=\"Name is not valid.\" aria-invalid=\"false\"   \/>\r\n\t\r\n\t\r\n<\/div>\n<div id=\"frm_field_2_container\" class=\"frm_form_field form-field  frm_required_field frm_top_container frm_half\">\r\n\t<label for=\"field_prenom\" id=\"field_prenom_label\" class=\"frm_primary_label\">First name\r\n\t\t<span class=\"frm_required\" aria-hidden=\"true\">*<\/span>\r\n\t<\/label>\r\n\t<input  type=\"text\" id=\"field_prenom\" name=\"item_meta[2]\" value=\"\"  placeholder=\"First name\" data-reqmsg=\"First name cannot be empty.\" aria-required=\"true\" data-invmsg=\"First name is not valid.\" aria-invalid=\"false\"   \/>\r\n\t\r\n\t\r\n<\/div>\n<div id=\"frm_field_10_container\" class=\"frm_form_field form-field  frm_required_field frm_top_container frm6 frm_first\">\r\n\t<label for=\"field_telephone\" id=\"field_telephone_label\" class=\"frm_primary_label\">Phone number\r\n\t\t<span class=\"frm_required\" aria-hidden=\"true\">*<\/span>\r\n\t<\/label>\r\n\t<input type=\"tel\" id=\"field_telephone\" name=\"item_meta[10]\" value=\"\"  placeholder=\"00 00 00 00 00\" data-reqmsg=\"Phone number cannot be empty.\" aria-required=\"true\" data-invmsg=\"Phone number is not valid.\" class=\"frm-intl-tel-input\" aria-invalid=\"false\" pattern=\"\\+?\\d{1,4}[\\s\\-]?(?:\\(\\d{1,3}\\)[\\s\\-]?)?\\d{1,4}[\\s\\-]?\\d{1,4}[\\s\\-]?\\d{1,4}$\"  \/>\r\n\t\r\n\t\r\n<\/div>\n<div id=\"frm_field_3_container\" class=\"frm_form_field form-field  frm_required_field frm_top_container frm6\">\r\n\t<label for=\"field_email\" id=\"field_email_label\" class=\"frm_primary_label\">Email\r\n\t\t<span class=\"frm_required\" aria-hidden=\"true\">*<\/span>\r\n\t<\/label>\r\n\t<input type=\"email\" id=\"field_email\" name=\"item_meta[3]\" value=\"\"  placeholder=\"your-email-address@mail.en\" data-reqmsg=\"Email cannot be empty.\" aria-required=\"true\" data-invmsg=\"Please enter a valid email address.\" aria-invalid=\"false\"  \/>\r\n\t\r\n\t\r\n<\/div>\n<div id=\"frm_field_11_container\" class=\"frm_form_field form-field  frm_required_field frm_top_container frm6 frm_first\">\r\n\t<label for=\"field_nom_de_societe\" id=\"field_nom_de_societe_label\" class=\"frm_primary_label\">Company name\r\n\t\t<span class=\"frm_required\" aria-hidden=\"true\">*<\/span>\r\n\t<\/label>\r\n\t<input  type=\"text\" id=\"field_nom_de_societe\" name=\"item_meta[11]\" value=\"\"  placeholder=\"Company name\" data-reqmsg=\"Company name cannot be empty.\" aria-required=\"true\" data-invmsg=\"Company name is not valid.\" aria-invalid=\"false\"   \/>\r\n\t\r\n\t\r\n<\/div>\n<div id=\"frm_field_12_container\" class=\"frm_form_field form-field  frm_required_field frm_top_container frm6\">\r\n\t<label for=\"field_fonction\" id=\"field_fonction_label\" class=\"frm_primary_label\">Position\r\n\t\t<span class=\"frm_required\" aria-hidden=\"true\">*<\/span>\r\n\t<\/label>\r\n\t<input  type=\"text\" id=\"field_fonction\" name=\"item_meta[12]\" value=\"\"  placeholder=\"Position\" data-reqmsg=\"Position cannot be empty.\" aria-required=\"true\" data-invmsg=\"Position is not valid.\" aria-invalid=\"false\"   \/>\r\n\t\r\n\t\r\n<\/div>\n<div id=\"frm_field_4_container\" class=\"frm_form_field form-field  frm_required_field frm_top_container frm_full\">\r\n\t<label for=\"field_domaine_activite\" id=\"field_domaine_activite_label\" class=\"frm_primary_label\">Industry sector\r\n\t\t<span class=\"frm_required\" aria-hidden=\"true\">*<\/span>\r\n\t<\/label>\r\n\t<input  type=\"text\" id=\"field_domaine_activite\" name=\"item_meta[4]\" value=\"\"  placeholder=\"Industry sector\" data-reqmsg=\"Industry sector cannot be empty.\" aria-required=\"true\" data-invmsg=\"Industry sector is not valid.\" aria-invalid=\"false\"   \/>\r\n\t\r\n\t\r\n<\/div>\n<div id=\"frm_field_13_container\" class=\"frm_form_field form-field  frm_required_field frm_top_container frm6 frm_first\">\r\n\t<label for=\"field_code_postal\" id=\"field_code_postal_label\" class=\"frm_primary_label\">Postal code\r\n\t\t<span class=\"frm_required\" aria-hidden=\"true\">*<\/span>\r\n\t<\/label>\r\n\t<input  type=\"text\" id=\"field_code_postal\" name=\"item_meta[13]\" value=\"\"  placeholder=\"Postal code\" data-reqmsg=\"Postal code cannot be empty.\" aria-required=\"true\" data-invmsg=\"Postal code is not valid.\" aria-invalid=\"false\"   \/>\r\n\t\r\n\t\r\n<\/div>\n<div id=\"frm_field_14_container\" class=\"frm_form_field form-field  frm_required_field frm_top_container frm6\">\r\n\t<label for=\"field_ville\" id=\"field_ville_label\" class=\"frm_primary_label\">City\r\n\t\t<span class=\"frm_required\" aria-hidden=\"true\">*<\/span>\r\n\t<\/label>\r\n\t<input  type=\"text\" id=\"field_ville\" name=\"item_meta[14]\" value=\"\"  placeholder=\"City\" data-reqmsg=\"City cannot be empty.\" aria-required=\"true\" data-invmsg=\"City is not valid.\" aria-invalid=\"false\"   \/>\r\n\t\r\n\t\r\n<\/div>\n<div id=\"frm_field_5_container\" class=\"frm_form_field form-field  frm_required_field frm_top_container frm_full\">\r\n\t<label for=\"field_message\" id=\"field_message_label\" class=\"frm_primary_label\">Message content\r\n\t\t<span class=\"frm_required\" aria-hidden=\"true\">*<\/span>\r\n\t<\/label>\r\n\t<textarea name=\"item_meta[5]\" id=\"field_message\" rows=\"3\"  placeholder=\"Text\" data-reqmsg=\"Message content cannot be empty.\" aria-required=\"true\" data-invmsg=\"Message content is not valid.\" aria-invalid=\"false\"  ><\/textarea>\r\n\t\r\n\t\r\n<\/div>\n<div id=\"frm_field_15_container\" class=\"frm_form_field form-field  frm_required_field frm_none_container vertical_radio\">\r\n\t<div  id=\"field_rgpd_label\" class=\"frm_primary_label\">GDPR\r\n\t\t<span class=\"frm_required\" aria-hidden=\"true\">*<\/span>\r\n\t<\/div>\r\n\t<div class=\"frm_opt_container\" aria-labelledby=\"field_rgpd_label\" role=\"group\">\t\t<div class=\"frm_checkbox\" id=\"frm_checkbox_15-0\">\t\t\t<label  for=\"field_rgpd-0\">\n\t\t\t<input type=\"checkbox\" name=\"item_meta[15][]\" id=\"field_rgpd-0\" value=\"J&#039;accepte que mes donn\u00e9es personnelles soient enregistr\u00e9es, afin de transmettre aux services concern\u00e9s toutes les informations et tous documents utiles au suivi de ma candidature.\"  data-reqmsg=\"GDPR cannot be empty.\" data-invmsg=\"GDPR is invalid\"   aria-required=\"true\"  \/> I accept that my personal data may be stored in order to transmit all relevant information and documents to the appropriate departments for the processing of my application.<\/label><\/div>\n<\/div>\r\n\t<div class=\"frm_description\" id=\"frm_desc_field_rgpd\">You can request access, modification, or deletion of this data at any time by sending an email via the contact page of the website<\/div>\r\n\t\r\n<\/div>\n<div id=\"frm_field_32_container\" class=\"frm_form_field form-field  frm_none_container\">\n\t<label for=\"h-captcha-response\" id=\"field_50daz_label\" class=\"frm_primary_label\">Captcha\n\t\t<span class=\"frm_required\" aria-hidden=\"true\"><\/span>\n\t<\/label>\n\t<div  id=\"field_50daz\" class=\"h-captcha\" data-sitekey=\"5ebef872-fdda-4676-9964-8f5ab8564718\" data-size=\"normal\" data-theme=\"light\"><\/div>\n\t\n\t\n<\/div>\n<div id=\"frm_field_6_container\" class=\"frm_form_field form-field \">\r\n\t<div class=\"frm_submit frm_flex\">\r\n<button class=\"frm_button_submit frm_final_submit\" type=\"submit\"   formnovalidate=\"formnovalidate\">I submit my request<\/button>\r\n\r\n\r\n\r\n<\/div>\r\n<\/div>\n\t<input type=\"hidden\" name=\"item_key\" value=\"\" \/>\n\t\t\t<div id=\"frm_field_34_container\">\n\t\t\t<label for=\"field_9rdoi\" >\n\t\t\t\tIf you are human, leave this field blank.\t\t\t<\/label>\n\t\t\t<input  id=\"field_9rdoi\" type=\"text\" class=\"frm_form_field form-field frm_verify\" name=\"item_meta[34]\" value=\"\"  \/>\n\t\t<\/div>\n\t\t<input name=\"frm_state\" type=\"hidden\" value=\"bc9H9+iEUwXYsXPsQynFGYEfp9sMA\/UDtJUQkP11IOo0BYlynsm2DcLKVuJUp8Z2\" \/><\/div>\n<\/fieldset>\n<\/div>\n\n<\/form>\n<\/div>\n<\/div>\n\n\n\n<div class=\"wp-block-group alignfull is-style-pattern-before has-neutral-1-background-color has-background has-global-padding is-layout-constrained wp-block-group-is-layout-constrained\">\n<div class=\"wp-block-group is-layout-grid wp-container-core-group-is-layout-df4581a5 wp-block-group-is-layout-grid\">    <div\n                class=\"pgut-contact-card  align wp-block-powergut-contact-card\"    >\n        <div class=\"pgut-contact-card__container\">\n                        <div class=\"pgut-contact-card__img-container\">\n                    <img decoding=\"async\" src=\"https:\/\/www.acg-automatismes.com\/wp-content\/uploads\/2024\/12\/Logo-ACG-automatismes.svg\" class=\"attachment-full size-full\" alt=\"\" \/>                <\/div>\n                            <div class=\"pgut-contact-card__phone-container\">\n                <div class=\"pgut-contact-card__icon\"><\/div>\n                <div class=\"pgut-contact-card__phone-content\">\n                    <p class='pgut-contact-card__name'>Nom pr\u00e9nom<\/p><p>02 00 00 00 00<\/p>                <\/div>\n            <\/div>\n\n            <div class=\"pgut-contact-card__address-container\">\n                <div class=\"pgut-contact-card__icon\"><\/div>\n                <div class=\"pgut-contact-card__address-content\">\n                    <p>Adresse<br \/>\nCode postal, VILLE<\/p>\n                <\/div>\n            <\/div>\n\n                    <\/div>\n    <\/div>\n\n\n    <div\n                class=\"pgut-contact-card  pgut-clickable  align wp-block-powergut-contact-card\"    >\n        <div class=\"pgut-contact-card__container\">\n                        <div class=\"pgut-contact-card__img-container\">\n                    <img decoding=\"async\" src=\"https:\/\/www.acg-automatismes.com\/wp-content\/uploads\/2024\/12\/Logo-ASAP.svg\" class=\"attachment-full size-full\" alt=\"\" \/>                <\/div>\n                            <div class=\"pgut-contact-card__phone-container\">\n                <div class=\"pgut-contact-card__icon\"><\/div>\n                <div class=\"pgut-contact-card__phone-content\">\n                    <p class='pgut-contact-card__name'>Nom pr\u00e9nom<\/p><p>02 00 00 00 00<\/p>                <\/div>\n            <\/div>\n\n            <div class=\"pgut-contact-card__address-container\">\n                <div class=\"pgut-contact-card__icon\"><\/div>\n                <div class=\"pgut-contact-card__address-content\">\n                    <p>Adresse<br \/>\nCode postal, VILLE<\/p>\n                <\/div>\n            <\/div>\n\n                            <a class=\"pgut-contact-card__website pgut-button is-style-link pgut-icon__add pgut-icon__powergut-button-icon-light pgut-icon__add__reverse\"\n                   href=\"https:\/\/www.asap-automatisme.fr\/\"\n                   target=\"_blank\"\n                   aria-label=\"Voir le site web Visit the website\"\n                >\n                    <span>Visit the website<\/span>                <\/a>\n                        <\/div>\n    <\/div>\n\n\n    <div\n                class=\"pgut-contact-card  pgut-clickable  align wp-block-powergut-contact-card\"    >\n        <div class=\"pgut-contact-card__container\">\n                        <div class=\"pgut-contact-card__img-container\">\n                    <img decoding=\"async\" src=\"https:\/\/www.acg-automatismes.com\/wp-content\/uploads\/2024\/12\/Logo-AMCG.svg\" class=\"attachment-full size-full\" alt=\"\" \/>                <\/div>\n                            <div class=\"pgut-contact-card__phone-container\">\n                <div class=\"pgut-contact-card__icon\"><\/div>\n                <div class=\"pgut-contact-card__phone-content\">\n                    <p class='pgut-contact-card__name'>Nom pr\u00e9nom<\/p><p>02 00 00 00 00<\/p>                <\/div>\n            <\/div>\n\n            <div class=\"pgut-contact-card__address-container\">\n                <div class=\"pgut-contact-card__icon\"><\/div>\n                <div class=\"pgut-contact-card__address-content\">\n                    <p>Adresse<br \/>\nCode postal, VILLE<\/p>\n                <\/div>\n            <\/div>\n\n                            <a class=\"pgut-contact-card__website pgut-button is-style-link pgut-icon__add pgut-icon__powergut-button-icon-light pgut-icon__add__reverse\"\n                   href=\"https:\/\/www.amcg-mecanique.com\/\"\n                   target=\"_blank\"\n                   aria-label=\"Voir le site web Visit the website\"\n                >\n                    <span>Visit the website<\/span>                <\/a>\n                        <\/div>\n    <\/div>\n<\/div>\n<\/div>\n","protected":false},"excerpt":{"rendered":"<p>Let&#8217;s build your project together Contact us to discover how our solutions can meet your industrial needs.<\/p>\n","protected":false},"author":3,"featured_media":0,"parent":0,"menu_order":8,"comment_status":"closed","ping_status":"closed","template":"","meta":{"_acf_changed":false,"footnotes":""},"class_list":["post-1194","page","type-page","status-publish","hentry"],"acf":[],"yoast_head":"<!-- This site is optimized with the Yoast SEO plugin v27.5 - https:\/\/yoast.com\/product\/yoast-seo-wordpress\/ -->\n<title>Contact Us - ACG Automatismes<\/title>\n<meta name=\"description\" content=\"Let&#039;s build your project together  Contact us to discover how our solutions can meet your industrial needs.\" \/>\n<meta name=\"robots\" content=\"index, follow, max-snippet:-1, max-image-preview:large, max-video-preview:-1\" \/>\n<link rel=\"canonical\" href=\"https:\/\/www.acg-automatismes.com\/en\/contact-us\/\" \/>\n<meta property=\"og:locale\" content=\"en_US\" \/>\n<meta property=\"og:type\" content=\"article\" \/>\n<meta property=\"og:title\" content=\"Contact Us - ACG Automatismes\" \/>\n<meta property=\"og:description\" content=\"Let&#039;s build your project together  Contact us to discover how our solutions can meet your industrial needs.\" \/>\n<meta property=\"og:url\" content=\"https:\/\/www.acg-automatismes.com\/en\/contact-us\/\" \/>\n<meta property=\"og:site_name\" content=\"ACG Automatismes\" \/>\n<meta property=\"article:modified_time\" content=\"2025-03-18T14:18:05+00:00\" \/>\n<meta name=\"twitter:card\" content=\"summary_large_image\" \/>\n<meta name=\"twitter:label1\" content=\"Est. reading time\" \/>\n\t<meta name=\"twitter:data1\" content=\"1 minute\" \/>\n<script type=\"application\/ld+json\" class=\"yoast-schema-graph\">{\"@context\":\"https:\\\/\\\/schema.org\",\"@graph\":[{\"@type\":\"WebPage\",\"@id\":\"https:\\\/\\\/www.acg-automatismes.com\\\/en\\\/contact-us\\\/\",\"url\":\"https:\\\/\\\/www.acg-automatismes.com\\\/en\\\/contact-us\\\/\",\"name\":\"Contact Us - ACG Automatismes\",\"isPartOf\":{\"@id\":\"https:\\\/\\\/www.acg-automatismes.com\\\/en\\\/#website\"},\"datePublished\":\"2024-12-18T08:08:58+00:00\",\"dateModified\":\"2025-03-18T14:18:05+00:00\",\"description\":\"Let's build your project together Contact us to discover how our solutions can meet your industrial needs.\",\"breadcrumb\":{\"@id\":\"https:\\\/\\\/www.acg-automatismes.com\\\/en\\\/contact-us\\\/#breadcrumb\"},\"inLanguage\":\"en-US\",\"potentialAction\":[{\"@type\":\"ReadAction\",\"target\":[\"https:\\\/\\\/www.acg-automatismes.com\\\/en\\\/contact-us\\\/\"]}]},{\"@type\":\"BreadcrumbList\",\"@id\":\"https:\\\/\\\/www.acg-automatismes.com\\\/en\\\/contact-us\\\/#breadcrumb\",\"itemListElement\":[{\"@type\":\"ListItem\",\"position\":1,\"name\":\"Home\",\"item\":\"https:\\\/\\\/www.acg-automatismes.com\\\/en\\\/\"},{\"@type\":\"ListItem\",\"position\":2,\"name\":\"Contact Us\"}]},{\"@type\":\"WebSite\",\"@id\":\"https:\\\/\\\/www.acg-automatismes.com\\\/en\\\/#website\",\"url\":\"https:\\\/\\\/www.acg-automatismes.com\\\/en\\\/\",\"name\":\"ACG Automatismes\",\"description\":\"\",\"publisher\":{\"@id\":\"https:\\\/\\\/www.acg-automatismes.com\\\/en\\\/#organization\"},\"alternateName\":\"ACG\",\"potentialAction\":[{\"@type\":\"SearchAction\",\"target\":{\"@type\":\"EntryPoint\",\"urlTemplate\":\"https:\\\/\\\/www.acg-automatismes.com\\\/en\\\/?s={search_term_string}\"},\"query-input\":{\"@type\":\"PropertyValueSpecification\",\"valueRequired\":true,\"valueName\":\"search_term_string\"}}],\"inLanguage\":\"en-US\"},{\"@type\":\"Organization\",\"@id\":\"https:\\\/\\\/www.acg-automatismes.com\\\/en\\\/#organization\",\"name\":\"ACG Automatismes\",\"url\":\"https:\\\/\\\/www.acg-automatismes.com\\\/en\\\/\",\"logo\":{\"@type\":\"ImageObject\",\"inLanguage\":\"en-US\",\"@id\":\"https:\\\/\\\/www.acg-automatismes.com\\\/en\\\/#\\\/schema\\\/logo\\\/image\\\/\",\"url\":\"https:\\\/\\\/www.acg-automatismes.com\\\/wp-content\\\/uploads\\\/2024\\\/12\\\/logo-ACG-automatismes-blanc.svg\",\"contentUrl\":\"https:\\\/\\\/www.acg-automatismes.com\\\/wp-content\\\/uploads\\\/2024\\\/12\\\/logo-ACG-automatismes-blanc.svg\",\"caption\":\"ACG Automatismes\"},\"image\":{\"@id\":\"https:\\\/\\\/www.acg-automatismes.com\\\/en\\\/#\\\/schema\\\/logo\\\/image\\\/\"}}]}<\/script>\n<!-- \/ Yoast SEO plugin. -->","yoast_head_json":{"title":"Contact Us - ACG Automatismes","description":"Let's build your project together  Contact us to discover how our solutions can meet your industrial needs.","robots":{"index":"index","follow":"follow","max-snippet":"max-snippet:-1","max-image-preview":"max-image-preview:large","max-video-preview":"max-video-preview:-1"},"canonical":"https:\/\/www.acg-automatismes.com\/en\/contact-us\/","og_locale":"en_US","og_type":"article","og_title":"Contact Us - ACG Automatismes","og_description":"Let's build your project together  Contact us to discover how our solutions can meet your industrial needs.","og_url":"https:\/\/www.acg-automatismes.com\/en\/contact-us\/","og_site_name":"ACG Automatismes","article_modified_time":"2025-03-18T14:18:05+00:00","twitter_card":"summary_large_image","twitter_misc":{"Est. reading time":"1 minute"},"schema":{"@context":"https:\/\/schema.org","@graph":[{"@type":"WebPage","@id":"https:\/\/www.acg-automatismes.com\/en\/contact-us\/","url":"https:\/\/www.acg-automatismes.com\/en\/contact-us\/","name":"Contact Us - ACG Automatismes","isPartOf":{"@id":"https:\/\/www.acg-automatismes.com\/en\/#website"},"datePublished":"2024-12-18T08:08:58+00:00","dateModified":"2025-03-18T14:18:05+00:00","description":"Let's build your project together Contact us to discover how our solutions can meet your industrial needs.","breadcrumb":{"@id":"https:\/\/www.acg-automatismes.com\/en\/contact-us\/#breadcrumb"},"inLanguage":"en-US","potentialAction":[{"@type":"ReadAction","target":["https:\/\/www.acg-automatismes.com\/en\/contact-us\/"]}]},{"@type":"BreadcrumbList","@id":"https:\/\/www.acg-automatismes.com\/en\/contact-us\/#breadcrumb","itemListElement":[{"@type":"ListItem","position":1,"name":"Home","item":"https:\/\/www.acg-automatismes.com\/en\/"},{"@type":"ListItem","position":2,"name":"Contact Us"}]},{"@type":"WebSite","@id":"https:\/\/www.acg-automatismes.com\/en\/#website","url":"https:\/\/www.acg-automatismes.com\/en\/","name":"ACG Automatismes","description":"","publisher":{"@id":"https:\/\/www.acg-automatismes.com\/en\/#organization"},"alternateName":"ACG","potentialAction":[{"@type":"SearchAction","target":{"@type":"EntryPoint","urlTemplate":"https:\/\/www.acg-automatismes.com\/en\/?s={search_term_string}"},"query-input":{"@type":"PropertyValueSpecification","valueRequired":true,"valueName":"search_term_string"}}],"inLanguage":"en-US"},{"@type":"Organization","@id":"https:\/\/www.acg-automatismes.com\/en\/#organization","name":"ACG Automatismes","url":"https:\/\/www.acg-automatismes.com\/en\/","logo":{"@type":"ImageObject","inLanguage":"en-US","@id":"https:\/\/www.acg-automatismes.com\/en\/#\/schema\/logo\/image\/","url":"https:\/\/www.acg-automatismes.com\/wp-content\/uploads\/2024\/12\/logo-ACG-automatismes-blanc.svg","contentUrl":"https:\/\/www.acg-automatismes.com\/wp-content\/uploads\/2024\/12\/logo-ACG-automatismes-blanc.svg","caption":"ACG Automatismes"},"image":{"@id":"https:\/\/www.acg-automatismes.com\/en\/#\/schema\/logo\/image\/"}}]}},"_links":{"self":[{"href":"https:\/\/www.acg-automatismes.com\/en\/wp-json\/wp\/v2\/pages\/1194","targetHints":{"allow":["GET"]}}],"collection":[{"href":"https:\/\/www.acg-automatismes.com\/en\/wp-json\/wp\/v2\/pages"}],"about":[{"href":"https:\/\/www.acg-automatismes.com\/en\/wp-json\/wp\/v2\/types\/page"}],"author":[{"embeddable":true,"href":"https:\/\/www.acg-automatismes.com\/en\/wp-json\/wp\/v2\/users\/3"}],"replies":[{"embeddable":true,"href":"https:\/\/www.acg-automatismes.com\/en\/wp-json\/wp\/v2\/comments?post=1194"}],"version-history":[{"count":3,"href":"https:\/\/www.acg-automatismes.com\/en\/wp-json\/wp\/v2\/pages\/1194\/revisions"}],"predecessor-version":[{"id":1524,"href":"https:\/\/www.acg-automatismes.com\/en\/wp-json\/wp\/v2\/pages\/1194\/revisions\/1524"}],"wp:attachment":[{"href":"https:\/\/www.acg-automatismes.com\/en\/wp-json\/wp\/v2\/media?parent=1194"}],"curies":[{"name":"wp","href":"https:\/\/api.w.org\/{rel}","templated":true}]}}